{"id":5839,"date":"2025-10-15T11:48:38","date_gmt":"2025-10-15T08:48:38","guid":{"rendered":"https:\/\/incirportfoy.com.tr\/?page_id=5839"},"modified":"2025-10-15T14:15:28","modified_gmt":"2025-10-15T11:15:28","slug":"vizyon-ve-misyonumuz","status":"publish","type":"page","link":"https:\/\/incirportfoy.com.tr\/index.php\/vizyon-ve-misyonumuz\/","title":{"rendered":"Misyon ve Vizyon"},"content":{"rendered":"\n<p><strong>Misyonumuz:<\/strong><\/p>\n\n\n\n<p>Yat\u0131r\u0131mc\u0131lar\u0131m\u0131z\u0131n finansal hedeflerine ula\u015fmalar\u0131n\u0131 sa\u011flamak amac\u0131 ile aktif portf\u00f6y y\u00f6netimi ve yenilik\u00e7i uygulamalar\u0131 birle\u015ftirerek yat\u0131r\u0131mc\u0131 memnuniyetini en y\u00fcksek seviyede tutmakt\u0131r.<\/p>\n\n\n\n<p><strong>Vizyonumuz:<\/strong><\/p>\n\n\n\n<p>T\u00fcrkiye\u2019nin \u00f6nde gelen ba\u011f\u0131ms\u0131z portf\u00f6y y\u00f6netim \u015firketi olmakt\u0131r.<\/p>\n\n\n\n<p><\/p>\n","protected":false},"excerpt":{"rendered":"<p>Misyonumuz: Yat\u0131r\u0131mc\u0131lar\u0131m\u0131z\u0131n finansal hedeflerine ula\u015fmalar\u0131n\u0131 sa\u011flamak amac\u0131 ile aktif portf\u00f6y y\u00f6netimi ve yenilik\u00e7i uygulamalar\u0131 birle\u015ftirerek yat\u0131r\u0131mc\u0131 memnuniyetini en y\u00fcksek seviyede tutmakt\u0131r. Vizyonumuz: T\u00fcrkiye\u2019nin \u00f6nde gelen ba\u011f\u0131ms\u0131z portf\u00f6y y\u00f6netim \u015firketi olmakt\u0131r.<\/p>\n","protected":false},"author":1,"featured_media":0,"parent":0,"menu_order":0,"comment_status":"closed","ping_status":"closed","template":"","meta":{"footnotes":""},"class_list":["post-5839","page","type-page","status-publish","hentry"],"_links":{"self":[{"href":"https:\/\/incirportfoy.com.tr\/index.php\/wp-json\/wp\/v2\/pages\/5839","targetHints":{"allow":["GET"]}}],"collection":[{"href":"https:\/\/incirportfoy.com.tr\/index.php\/wp-json\/wp\/v2\/pages"}],"about":[{"href":"https:\/\/incirportfoy.com.tr\/index.php\/wp-json\/wp\/v2\/types\/page"}],"author":[{"embeddable":true,"href":"https:\/\/incirportfoy.com.tr\/index.php\/wp-json\/wp\/v2\/users\/1"}],"replies":[{"embeddable":true,"href":"https:\/\/incirportfoy.com.tr\/index.php\/wp-json\/wp\/v2\/comments?post=5839"}],"version-history":[{"count":5,"href":"https:\/\/incirportfoy.com.tr\/index.php\/wp-json\/wp\/v2\/pages\/5839\/revisions"}],"predecessor-version":[{"id":5847,"href":"https:\/\/incirportfoy.com.tr\/index.php\/wp-json\/wp\/v2\/pages\/5839\/revisions\/5847"}],"wp:attachment":[{"href":"https:\/\/incirportfoy.com.tr\/index.php\/wp-json\/wp\/v2\/media?parent=5839"}],"curies":[{"name":"wp","href":"https:\/\/api.w.org\/{rel}","templated":true}]}}