{"id":5821,"date":"2025-10-15T11:29:35","date_gmt":"2025-10-15T08:29:35","guid":{"rendered":"https:\/\/incirportfoy.com.tr\/?page_id=5821"},"modified":"2025-10-15T11:31:47","modified_gmt":"2025-10-15T08:31:47","slug":"yonetim-kurulu","status":"publish","type":"page","link":"https:\/\/incirportfoy.com.tr\/index.php\/yonetim-kurulu\/","title":{"rendered":"Y\u00f6netim Kurulu"},"content":{"rendered":"\n<p><\/p>\n\n\n\n<p><\/p>\n\n\n\n<figure class=\"wp-block-table\"><table class=\"has-fixed-layout\"><tbody><tr><td>\u015eahin Alp Keler<\/td><td>Y\u00f6netim Kurulu Ba\u015fkan\u0131<\/td><\/tr><tr><td>\u0130smail Birkan \u00d6zen<\/td><td>Y\u00f6netim Kurulu Ba\u015fkan Vekili<\/td><\/tr><tr><td>\u0130lkhan G\u00f6k\u00e7e<\/td><td>Y\u00f6netim Kurulu \u00dcyesi<\/td><\/tr><\/tbody><\/table><\/figure>\n","protected":false},"excerpt":{"rendered":"<p>\u015eahin Alp Keler Y\u00f6netim Kurulu Ba\u015fkan\u0131 \u0130smail Birkan \u00d6zen Y\u00f6netim Kurulu Ba\u015fkan Vekili \u0130lkhan G\u00f6k\u00e7e Y\u00f6netim Kurulu \u00dcyesi<\/p>\n","protected":false},"author":1,"featured_media":0,"parent":0,"menu_order":0,"comment_status":"closed","ping_status":"closed","template":"","meta":{"footnotes":""},"class_list":["post-5821","page","type-page","status-publish","hentry"],"_links":{"self":[{"href":"https:\/\/incirportfoy.com.tr\/index.php\/wp-json\/wp\/v2\/pages\/5821","targetHints":{"allow":["GET"]}}],"collection":[{"href":"https:\/\/incirportfoy.com.tr\/index.php\/wp-json\/wp\/v2\/pages"}],"about":[{"href":"https:\/\/incirportfoy.com.tr\/index.php\/wp-json\/wp\/v2\/types\/page"}],"author":[{"embeddable":true,"href":"https:\/\/incirportfoy.com.tr\/index.php\/wp-json\/wp\/v2\/users\/1"}],"replies":[{"embeddable":true,"href":"https:\/\/incirportfoy.com.tr\/index.php\/wp-json\/wp\/v2\/comments?post=5821"}],"version-history":[{"count":5,"href":"https:\/\/incirportfoy.com.tr\/index.php\/wp-json\/wp\/v2\/pages\/5821\/revisions"}],"predecessor-version":[{"id":5829,"href":"https:\/\/incirportfoy.com.tr\/index.php\/wp-json\/wp\/v2\/pages\/5821\/revisions\/5829"}],"wp:attachment":[{"href":"https:\/\/incirportfoy.com.tr\/index.php\/wp-json\/wp\/v2\/media?parent=5821"}],"curies":[{"name":"wp","href":"https:\/\/api.w.org\/{rel}","templated":true}]}}