{"id":5812,"date":"2025-10-15T11:08:41","date_gmt":"2025-10-15T08:08:41","guid":{"rendered":"https:\/\/incirportfoy.com.tr\/?page_id=5812"},"modified":"2026-03-05T17:43:04","modified_gmt":"2026-03-05T14:43:04","slug":"duyurular","status":"publish","type":"page","link":"https:\/\/incirportfoy.com.tr\/index.php\/duyurular\/","title":{"rendered":"Duyurular"},"content":{"rendered":"\n<p><strong><a href=\"https:\/\/incirportfoy.com.tr\/wp-content\/uploads\/2025\/12\/Incir-Portfoy_Sermaye-artirim_ykk.pdf\" data-type=\"attachment\" data-id=\"5866\">Sermaye Artt\u0131r\u0131m\u0131<\/a><\/strong><\/p>\n\n\n\n<p><a href=\"https:\/\/incirportfoy.com.tr\/wp-content\/uploads\/2025\/12\/esas_sozlesme_8_madde_yeni.pdf\" data-type=\"attachment\" data-id=\"5873\"><strong>Sermaye Maddesinin Yeni \u015eekli<\/strong><\/a><\/p>\n\n\n\n<p><a href=\"https:\/\/incirportfoy.com.tr\/wp-content\/uploads\/2026\/01\/spk_faaliyet_yetki_belgesi.pdf\" data-type=\"attachment\" data-id=\"5885\"><strong>SPK Faaliyet Yetki Belgesi<\/strong><\/a><\/p>\n\n\n\n<p>\u00d6NEML\u0130 UYARI<\/p>\n\n\n\n<p>www.incirmenkuldegerler.com websitesi ile \u0130ncir Portf\u00f6y A.\u015e.&#8217;nin hi\u00e7bir ilgisi yoktur. Bu site \u00fczerinde yap\u0131lan i\u015flemlerle ilgili hi\u00e7bir sorumlulu\u011fumuz yoktur.<\/p>\n","protected":false},"excerpt":{"rendered":"<p>Sermaye Artt\u0131r\u0131m\u0131 Sermaye Maddesinin Yeni \u015eekli SPK Faaliyet Yetki Belgesi \u00d6NEML\u0130 UYARI www.incirmenkuldegerler.com websitesi ile \u0130ncir Portf\u00f6y A.\u015e.&#8217;nin hi\u00e7bir ilgisi yoktur. Bu site \u00fczerinde yap\u0131lan i\u015flemlerle ilgili hi\u00e7bir sorumlulu\u011fumuz yoktur.<\/p>\n","protected":false},"author":1,"featured_media":0,"parent":0,"menu_order":0,"comment_status":"closed","ping_status":"closed","template":"","meta":{"footnotes":""},"class_list":["post-5812","page","type-page","status-publish","hentry"],"_links":{"self":[{"href":"https:\/\/incirportfoy.com.tr\/index.php\/wp-json\/wp\/v2\/pages\/5812","targetHints":{"allow":["GET"]}}],"collection":[{"href":"https:\/\/incirportfoy.com.tr\/index.php\/wp-json\/wp\/v2\/pages"}],"about":[{"href":"https:\/\/incirportfoy.com.tr\/index.php\/wp-json\/wp\/v2\/types\/page"}],"author":[{"embeddable":true,"href":"https:\/\/incirportfoy.com.tr\/index.php\/wp-json\/wp\/v2\/users\/1"}],"replies":[{"embeddable":true,"href":"https:\/\/incirportfoy.com.tr\/index.php\/wp-json\/wp\/v2\/comments?post=5812"}],"version-history":[{"count":5,"href":"https:\/\/incirportfoy.com.tr\/index.php\/wp-json\/wp\/v2\/pages\/5812\/revisions"}],"predecessor-version":[{"id":5892,"href":"https:\/\/incirportfoy.com.tr\/index.php\/wp-json\/wp\/v2\/pages\/5812\/revisions\/5892"}],"wp:attachment":[{"href":"https:\/\/incirportfoy.com.tr\/index.php\/wp-json\/wp\/v2\/media?parent=5812"}],"curies":[{"name":"wp","href":"https:\/\/api.w.org\/{rel}","templated":true}]}}