{"id":5805,"date":"2025-10-15T11:01:25","date_gmt":"2025-10-15T08:01:25","guid":{"rendered":"https:\/\/incirportfoy.com.tr\/?page_id=5805"},"modified":"2025-10-16T11:54:28","modified_gmt":"2025-10-16T08:54:28","slug":"fonlarimiz","status":"publish","type":"page","link":"https:\/\/incirportfoy.com.tr\/index.php\/fonlarimiz\/","title":{"rendered":"Fonlar\u0131m\u0131z"},"content":{"rendered":"\n<h2 class=\"wp-block-heading\">Fonlar\u0131m\u0131z<\/h2>\n\n\n\n<p>Birikimlerini \u00f6zel olarak de\u011ferlendirmek isteyen yat\u0131r\u0131mc\u0131lara risk ve getiri tercihlerini g\u00f6z \u00f6n\u00fcnde bulundurarak farkl\u0131 \u00e7\u00f6z\u00fcmler sunarak yat\u0131r\u0131mc\u0131 ihtiya\u00e7lar\u0131n\u0131 en uygun \u015fekilde kar\u015f\u0131lamay\u0131 hedefliyoruz.<\/p>\n\n\n\n<p>Detaylar i\u00e7in l\u00fctfen bizi aray\u0131n\u0131z.<\/p>\n","protected":false},"excerpt":{"rendered":"<p>Fonlar\u0131m\u0131z Birikimlerini \u00f6zel olarak de\u011ferlendirmek isteyen yat\u0131r\u0131mc\u0131lara risk ve getiri tercihlerini g\u00f6z \u00f6n\u00fcnde bulundurarak farkl\u0131 \u00e7\u00f6z\u00fcmler sunarak yat\u0131r\u0131mc\u0131 ihtiya\u00e7lar\u0131n\u0131 en uygun \u015fekilde kar\u015f\u0131lamay\u0131 hedefliyoruz. Detaylar i\u00e7in l\u00fctfen bizi aray\u0131n\u0131z.<\/p>\n","protected":false},"author":1,"featured_media":0,"parent":0,"menu_order":0,"comment_status":"closed","ping_status":"closed","template":"","meta":{"footnotes":""},"class_list":["post-5805","page","type-page","status-publish","hentry"],"_links":{"self":[{"href":"https:\/\/incirportfoy.com.tr\/index.php\/wp-json\/wp\/v2\/pages\/5805","targetHints":{"allow":["GET"]}}],"collection":[{"href":"https:\/\/incirportfoy.com.tr\/index.php\/wp-json\/wp\/v2\/pages"}],"about":[{"href":"https:\/\/incirportfoy.com.tr\/index.php\/wp-json\/wp\/v2\/types\/page"}],"author":[{"embeddable":true,"href":"https:\/\/incirportfoy.com.tr\/index.php\/wp-json\/wp\/v2\/users\/1"}],"replies":[{"embeddable":true,"href":"https:\/\/incirportfoy.com.tr\/index.php\/wp-json\/wp\/v2\/comments?post=5805"}],"version-history":[{"count":3,"href":"https:\/\/incirportfoy.com.tr\/index.php\/wp-json\/wp\/v2\/pages\/5805\/revisions"}],"predecessor-version":[{"id":5854,"href":"https:\/\/incirportfoy.com.tr\/index.php\/wp-json\/wp\/v2\/pages\/5805\/revisions\/5854"}],"wp:attachment":[{"href":"https:\/\/incirportfoy.com.tr\/index.php\/wp-json\/wp\/v2\/media?parent=5805"}],"curies":[{"name":"wp","href":"https:\/\/api.w.org\/{rel}","templated":true}]}}