{"id":2520,"date":"2016-08-31T18:30:44","date_gmt":"2016-08-31T18:30:44","guid":{"rendered":"http:\/\/demo.goodlayers.com\/realfactory\/?page_id=2520"},"modified":"2025-10-16T11:54:26","modified_gmt":"2025-10-16T08:54:26","slug":"portfolio-2-columns","status":"publish","type":"page","link":"https:\/\/incirportfoy.com.tr\/index.php\/portfolio-2-columns\/","title":{"rendered":"\u00d6zel Portf\u00f6y Y\u00f6netimi"},"content":{"rendered":"\n<h2 class=\"wp-block-heading\">\u00d6zel Portf\u00f6y Y\u00f6netimi<\/h2>\n\n\n\n<p>Birikimlerini \u00f6zel olarak de\u011ferlendirmek isteyen yat\u0131r\u0131mc\u0131lara risk ve getiri tercihlerini g\u00f6z \u00f6n\u00fcnde bulundurarak farkl\u0131 \u00e7\u00f6z\u00fcmler sunarak yat\u0131r\u0131mc\u0131 ihtiya\u00e7lar\u0131n\u0131 en uygun \u015fekilde kar\u015f\u0131lamay\u0131 hedefliyoruz.<\/p>\n\n\n\n<p>Portf\u00f6y y\u00f6netim s\u00fcreci portf\u00f6y\u00fcn planlanmas\u0131 ile ba\u015flay\u0131p, yat\u0131r\u0131mc\u0131n\u0131n risk ve getiri tercihleri do\u011frultusunda varl\u0131k da\u011f\u0131t\u0131m\u0131n\u0131n olu\u015fturulmas\u0131 ile sona eren dinamik bir s\u00fcre\u00e7tir.<\/p>\n\n\n\n<p>Detaylar i\u00e7in l\u00fctfen bizi aray\u0131n\u0131z.<\/p>\n\n\n\n<p><\/p>\n","protected":false},"excerpt":{"rendered":"<p>\u00d6zel Portf\u00f6y Y\u00f6netimi Birikimlerini \u00f6zel olarak de\u011ferlendirmek isteyen yat\u0131r\u0131mc\u0131lara risk ve getiri tercihlerini g\u00f6z \u00f6n\u00fcnde bulundurarak farkl\u0131 \u00e7\u00f6z\u00fcmler sunarak yat\u0131r\u0131mc\u0131 ihtiya\u00e7lar\u0131n\u0131 en uygun \u015fekilde kar\u015f\u0131lamay\u0131 hedefliyoruz. Portf\u00f6y y\u00f6netim s\u00fcreci portf\u00f6y\u00fcn planlanmas\u0131 ile ba\u015flay\u0131p, yat\u0131r\u0131mc\u0131n\u0131n risk ve getiri tercihleri do\u011frultusunda varl\u0131k da\u011f\u0131t\u0131m\u0131n\u0131n olu\u015fturulmas\u0131 ile sona eren dinamik bir s\u00fcre\u00e7tir. Detaylar i\u00e7in l\u00fctfen bizi aray\u0131n\u0131z.<\/p>\n","protected":false},"author":1,"featured_media":0,"parent":0,"menu_order":0,"comment_status":"closed","ping_status":"closed","template":"","meta":{"footnotes":""},"class_list":["post-2520","page","type-page","status-publish","hentry"],"_links":{"self":[{"href":"https:\/\/incirportfoy.com.tr\/index.php\/wp-json\/wp\/v2\/pages\/2520","targetHints":{"allow":["GET"]}}],"collection":[{"href":"https:\/\/incirportfoy.com.tr\/index.php\/wp-json\/wp\/v2\/pages"}],"about":[{"href":"https:\/\/incirportfoy.com.tr\/index.php\/wp-json\/wp\/v2\/types\/page"}],"author":[{"embeddable":true,"href":"https:\/\/incirportfoy.com.tr\/index.php\/wp-json\/wp\/v2\/users\/1"}],"replies":[{"embeddable":true,"href":"https:\/\/incirportfoy.com.tr\/index.php\/wp-json\/wp\/v2\/comments?post=2520"}],"version-history":[{"count":5,"href":"https:\/\/incirportfoy.com.tr\/index.php\/wp-json\/wp\/v2\/pages\/2520\/revisions"}],"predecessor-version":[{"id":5853,"href":"https:\/\/incirportfoy.com.tr\/index.php\/wp-json\/wp\/v2\/pages\/2520\/revisions\/5853"}],"wp:attachment":[{"href":"https:\/\/incirportfoy.com.tr\/index.php\/wp-json\/wp\/v2\/media?parent=2520"}],"curies":[{"name":"wp","href":"https:\/\/api.w.org\/{rel}","templated":true}]}}